{"id":521,"date":"2026-04-29T12:41:45","date_gmt":"2026-04-29T10:41:45","guid":{"rendered":"https:\/\/www.bsbaumanagement.eu\/dienstleistungen\/"},"modified":"2026-05-08T13:00:24","modified_gmt":"2026-05-08T11:00:24","slug":"dienstleistungen","status":"publish","type":"page","link":"https:\/\/www.bsbaumanagement.eu\/en\/dienstleistungen\/","title":{"rendered":"Services"},"content":{"rendered":"<div data-elementor-type=\"wp-page\" data-elementor-id=\"521\" class=\"elementor elementor-521\" data-elementor-post-type=\"page\">\n\t\t\t\t<div class=\"elementor-element elementor-element-69a13fc7 e-flex e-con-boxed e-con e-parent\" data-id=\"69a13fc7\" data-element_type=\"container\" data-e-type=\"container\">\n\t\t\t\t\t<div class=\"e-con-inner\">\n\t\t<div class=\"elementor-element elementor-element-43870af9 e-con-full e-flex e-con e-child\" data-id=\"43870af9\" data-element_type=\"container\" data-e-type=\"container\">\n\t\t\t\t<div class=\"elementor-element elementor-element-711fc817 elementor-widget elementor-widget-heading\" data-id=\"711fc817\" data-element_type=\"widget\" data-e-type=\"widget\" data-widget_type=\"heading.default\">\n\t\t\t\t\t<h2 class=\"elementor-heading-title elementor-size-default\">Construction Services Tailored to Your Project<\/h2>\t\t\t\t<\/div>\n\t\t\t\t<div class=\"elementor-element elementor-element-133ccece elementor-widget elementor-widget-text-editor\" data-id=\"133ccece\" data-element_type=\"widget\" data-e-type=\"widget\" data-widget_type=\"text-editor.default\">\n\t\t\t\t\t\t\t\t\t<p>Every project has different technical demands, schedules, and site conditions. We provide flexible, hands-on support for residential and commercial work, with close attention to quality, coordination, and clean execution from start to finish.<\/p>\t\t\t\t\t\t\t\t<\/div>\n\t\t\t\t<\/div>\n\t\t<div class=\"elementor-element elementor-element-f9b8786 e-con-full e-flex e-con e-child\" data-id=\"f9b8786\" data-element_type=\"container\" data-e-type=\"container\">\n\t\t<div class=\"elementor-element elementor-element-782d5925 e-con-full e-flex e-con e-child\" data-id=\"782d5925\" data-element_type=\"container\" data-e-type=\"container\">\n\t\t\t\t<div class=\"elementor-element elementor-element-b2f9883 elementor-widget elementor-widget-image\" data-id=\"b2f9883\" data-element_type=\"widget\" data-e-type=\"widget\" data-widget_type=\"image.default\">\n\t\t\t\t\t\t\t\t\t\t\t\t\t\t\t<img fetchpriority=\"high\" decoding=\"async\" width=\"245\" height=\"245\" src=\"https:\/\/www.bsbaumanagement.eu\/wp-content\/uploads\/2026\/04\/renovation-01.jpg\" class=\"attachment-full size-full wp-image-273\" alt=\"\" srcset=\"https:\/\/www.bsbaumanagement.eu\/wp-content\/uploads\/2026\/04\/renovation-01.jpg 245w, https:\/\/www.bsbaumanagement.eu\/wp-content\/uploads\/2026\/04\/renovation-01-150x150.jpg 150w, https:\/\/www.bsbaumanagement.eu\/wp-content\/uploads\/2026\/04\/renovation-01-12x12.jpg 12w\" sizes=\"(max-width: 245px) 100vw, 245px\" \/>\t\t\t\t\t\t\t\t\t\t\t\t\t\t\t<\/div>\n\t\t\t\t<div class=\"elementor-element elementor-element-1c927d6a elementor-widget elementor-widget-heading\" data-id=\"1c927d6a\" data-element_type=\"widget\" data-e-type=\"widget\" data-widget_type=\"heading.default\">\n\t\t\t\t\t<h3 class=\"elementor-heading-title elementor-size-default\">Renovation<\/h3>\t\t\t\t<\/div>\n\t\t\t\t<div class=\"elementor-element elementor-element-5ccadedd elementor-widget elementor-widget-text-editor\" data-id=\"5ccadedd\" data-element_type=\"widget\" data-e-type=\"widget\" data-widget_type=\"text-editor.default\">\n\t\t\t\t\t\t\t\t\t<p>We plan and coordinate conversion projects with a focus on function, efficiency, and seamless integration into the existing structure.<\/p>\t\t\t\t\t\t\t\t<\/div>\n\t\t\t\t<div class=\"elementor-element elementor-element-6722b2ff elementor-widget elementor-widget-button\" data-id=\"6722b2ff\" data-element_type=\"widget\" data-e-type=\"widget\" data-widget_type=\"button.default\">\n\t\t\t\t\t\t\t\t\t\t<a class=\"elementor-button elementor-button-link elementor-size-sm\" href=\"https:\/\/www.bsbaumanagement.eu\/en\/dienstleistungen\/umbau\/\">\n\t\t\t\t\t\t<span class=\"elementor-button-content-wrapper\">\n\t\t\t\t\t\t<span class=\"elementor-button-icon\">\n\t\t\t\t<svg aria-hidden=\"true\" class=\"e-font-icon-svg e-fas-long-arrow-alt-right\" viewbox=\"0 0 448 512\" xmlns=\"http:\/\/www.w3.org\/2000\/svg\"><path d=\"M313.941 216H12c-6.627 0-12 5.373-12 12v56c0 6.627 5.373 12 12 12h301.941v46.059c0 21.382 25.851 32.09 40.971 16.971l86.059-86.059c9.373-9.373 9.373-24.569 0-33.941l-86.059-86.059c-15.119-15.119-40.971-4.411-40.971 16.971V216z\"><\/path><\/svg>\t\t\t<\/span>\n\t\t\t\t\t\t\t\t\t<span class=\"elementor-button-text\">Read more<\/span>\n\t\t\t\t\t<\/span>\n\t\t\t\t\t<\/a>\n\t\t\t\t\t\t\t\t<\/div>\n\t\t\t\t<\/div>\n\t\t<div class=\"elementor-element elementor-element-4cbfdcda e-con-full e-flex e-con e-child\" data-id=\"4cbfdcda\" data-element_type=\"container\" data-e-type=\"container\">\n\t\t\t\t<div class=\"elementor-element elementor-element-35885c5c elementor-widget elementor-widget-image\" data-id=\"35885c5c\" data-element_type=\"widget\" data-e-type=\"widget\" data-widget_type=\"image.default\">\n\t\t\t\t\t\t\t\t\t\t\t\t\t\t\t<img decoding=\"async\" width=\"245\" height=\"245\" src=\"https:\/\/www.bsbaumanagement.eu\/wp-content\/uploads\/2026\/04\/refurbishemnt-01.jpg\" class=\"attachment-full size-full wp-image-275\" alt=\"\" srcset=\"https:\/\/www.bsbaumanagement.eu\/wp-content\/uploads\/2026\/04\/refurbishemnt-01.jpg 245w, https:\/\/www.bsbaumanagement.eu\/wp-content\/uploads\/2026\/04\/refurbishemnt-01-150x150.jpg 150w, https:\/\/www.bsbaumanagement.eu\/wp-content\/uploads\/2026\/04\/refurbishemnt-01-12x12.jpg 12w\" sizes=\"(max-width: 245px) 100vw, 245px\" \/>\t\t\t\t\t\t\t\t\t\t\t\t\t\t\t<\/div>\n\t\t\t\t<div class=\"elementor-element elementor-element-cd078e6 elementor-widget elementor-widget-heading\" data-id=\"cd078e6\" data-element_type=\"widget\" data-e-type=\"widget\" data-widget_type=\"heading.default\">\n\t\t\t\t\t<h3 class=\"elementor-heading-title elementor-size-default\">Refurbishment<\/h3>\t\t\t\t<\/div>\n\t\t\t\t<div class=\"elementor-element elementor-element-65ff1052 elementor-widget elementor-widget-text-editor\" data-id=\"65ff1052\" data-element_type=\"widget\" data-e-type=\"widget\" data-widget_type=\"text-editor.default\">\n\t\t\t\t\t\t\t\t\t<p>We help restore and upgrade buildings with practical solutions that improve condition, value, and long-term usability.<\/p>\t\t\t\t\t\t\t\t<\/div>\n\t\t\t\t<div class=\"elementor-element elementor-element-453daa5b elementor-widget elementor-widget-button\" data-id=\"453daa5b\" data-element_type=\"widget\" data-e-type=\"widget\" data-widget_type=\"button.default\">\n\t\t\t\t\t\t\t\t\t\t<a class=\"elementor-button elementor-button-link elementor-size-sm\" href=\"https:\/\/www.bsbaumanagement.eu\/en\/dienstleistungen\/sanierung\/\">\n\t\t\t\t\t\t<span class=\"elementor-button-content-wrapper\">\n\t\t\t\t\t\t<span class=\"elementor-button-icon\">\n\t\t\t\t<svg aria-hidden=\"true\" class=\"e-font-icon-svg e-fas-long-arrow-alt-right\" viewbox=\"0 0 448 512\" xmlns=\"http:\/\/www.w3.org\/2000\/svg\"><path d=\"M313.941 216H12c-6.627 0-12 5.373-12 12v56c0 6.627 5.373 12 12 12h301.941v46.059c0 21.382 25.851 32.09 40.971 16.971l86.059-86.059c9.373-9.373 9.373-24.569 0-33.941l-86.059-86.059c-15.119-15.119-40.971-4.411-40.971 16.971V216z\"><\/path><\/svg>\t\t\t<\/span>\n\t\t\t\t\t\t\t\t\t<span class=\"elementor-button-text\">Read more<\/span>\n\t\t\t\t\t<\/span>\n\t\t\t\t\t<\/a>\n\t\t\t\t\t\t\t\t<\/div>\n\t\t\t\t<\/div>\n\t\t<div class=\"elementor-element elementor-element-650da1ea e-con-full e-flex e-con e-child\" data-id=\"650da1ea\" data-element_type=\"container\" data-e-type=\"container\">\n\t\t\t\t<div class=\"elementor-element elementor-element-3f2069df elementor-widget elementor-widget-image\" data-id=\"3f2069df\" data-element_type=\"widget\" data-e-type=\"widget\" data-widget_type=\"image.default\">\n\t\t\t\t\t\t\t\t\t\t\t\t\t\t\t<img decoding=\"async\" width=\"245\" height=\"245\" src=\"https:\/\/www.bsbaumanagement.eu\/wp-content\/uploads\/2026\/04\/etics-01.jpg\" class=\"attachment-full size-full wp-image-277\" alt=\"\" srcset=\"https:\/\/www.bsbaumanagement.eu\/wp-content\/uploads\/2026\/04\/etics-01.jpg 245w, https:\/\/www.bsbaumanagement.eu\/wp-content\/uploads\/2026\/04\/etics-01-150x150.jpg 150w, https:\/\/www.bsbaumanagement.eu\/wp-content\/uploads\/2026\/04\/etics-01-12x12.jpg 12w\" sizes=\"(max-width: 245px) 100vw, 245px\" \/>\t\t\t\t\t\t\t\t\t\t\t\t\t\t\t<\/div>\n\t\t\t\t<div class=\"elementor-element elementor-element-16d8a4f0 elementor-widget elementor-widget-heading\" data-id=\"16d8a4f0\" data-element_type=\"widget\" data-e-type=\"widget\" data-widget_type=\"heading.default\">\n\t\t\t\t\t<h3 class=\"elementor-heading-title elementor-size-default\">ETICS<\/h3>\t\t\t\t<\/div>\n\t\t\t\t<div class=\"elementor-element elementor-element-26327912 elementor-widget elementor-widget-text-editor\" data-id=\"26327912\" data-element_type=\"widget\" data-e-type=\"widget\" data-widget_type=\"text-editor.default\">\n\t\t\t\t\t\t\t\t\t<p>Our ETICS solutions improve thermal performance, protect the building envelope, and create a clean, durable exterior finish.<\/p>\t\t\t\t\t\t\t\t<\/div>\n\t\t\t\t<div class=\"elementor-element elementor-element-6df0344a elementor-widget elementor-widget-button\" data-id=\"6df0344a\" data-element_type=\"widget\" data-e-type=\"widget\" data-widget_type=\"button.default\">\n\t\t\t\t\t\t\t\t\t\t<a class=\"elementor-button elementor-button-link elementor-size-sm\" href=\"https:\/\/www.bsbaumanagement.eu\/en\/dienstleistungen\/wdvs\/\">\n\t\t\t\t\t\t<span class=\"elementor-button-content-wrapper\">\n\t\t\t\t\t\t<span class=\"elementor-button-icon\">\n\t\t\t\t<svg aria-hidden=\"true\" class=\"e-font-icon-svg e-fas-long-arrow-alt-right\" viewbox=\"0 0 448 512\" xmlns=\"http:\/\/www.w3.org\/2000\/svg\"><path d=\"M313.941 216H12c-6.627 0-12 5.373-12 12v56c0 6.627 5.373 12 12 12h301.941v46.059c0 21.382 25.851 32.09 40.971 16.971l86.059-86.059c9.373-9.373 9.373-24.569 0-33.941l-86.059-86.059c-15.119-15.119-40.971-4.411-40.971 16.971V216z\"><\/path><\/svg>\t\t\t<\/span>\n\t\t\t\t\t\t\t\t\t<span class=\"elementor-button-text\">Read more<\/span>\n\t\t\t\t\t<\/span>\n\t\t\t\t\t<\/a>\n\t\t\t\t\t\t\t\t<\/div>\n\t\t\t\t<\/div>\n\t\t<div class=\"elementor-element elementor-element-40f82165 e-con-full e-flex e-con e-child\" data-id=\"40f82165\" data-element_type=\"container\" data-e-type=\"container\">\n\t\t\t\t<div class=\"elementor-element elementor-element-24390f7d elementor-widget elementor-widget-image\" data-id=\"24390f7d\" data-element_type=\"widget\" data-e-type=\"widget\" data-widget_type=\"image.default\">\n\t\t\t\t\t\t\t\t\t\t\t\t\t\t\t<img loading=\"lazy\" decoding=\"async\" width=\"245\" height=\"245\" src=\"https:\/\/www.bsbaumanagement.eu\/wp-content\/uploads\/2026\/04\/drywall-01.jpg\" class=\"attachment-full size-full wp-image-279\" alt=\"\" srcset=\"https:\/\/www.bsbaumanagement.eu\/wp-content\/uploads\/2026\/04\/drywall-01.jpg 245w, https:\/\/www.bsbaumanagement.eu\/wp-content\/uploads\/2026\/04\/drywall-01-150x150.jpg 150w, https:\/\/www.bsbaumanagement.eu\/wp-content\/uploads\/2026\/04\/drywall-01-12x12.jpg 12w\" sizes=\"(max-width: 245px) 100vw, 245px\" \/>\t\t\t\t\t\t\t\t\t\t\t\t\t\t\t<\/div>\n\t\t\t\t<div class=\"elementor-element elementor-element-6b84a1c2 elementor-widget elementor-widget-heading\" data-id=\"6b84a1c2\" data-element_type=\"widget\" data-e-type=\"widget\" data-widget_type=\"heading.default\">\n\t\t\t\t\t<h3 class=\"elementor-heading-title elementor-size-default\">Drywall<\/h3>\t\t\t\t<\/div>\n\t\t\t\t<div class=\"elementor-element elementor-element-50df66ca elementor-widget elementor-widget-text-editor\" data-id=\"50df66ca\" data-element_type=\"widget\" data-e-type=\"widget\" data-widget_type=\"text-editor.default\">\n\t\t\t\t\t\t\t\t\t<p>We deliver modern drywall solutions for walls, ceilings, partitions, and interior layouts with accuracy and flexibility.<\/p>\t\t\t\t\t\t\t\t<\/div>\n\t\t\t\t<div class=\"elementor-element elementor-element-248b68c elementor-widget elementor-widget-button\" data-id=\"248b68c\" data-element_type=\"widget\" data-e-type=\"widget\" data-widget_type=\"button.default\">\n\t\t\t\t\t\t\t\t\t\t<a class=\"elementor-button elementor-button-link elementor-size-sm\" href=\"https:\/\/www.bsbaumanagement.eu\/en\/dienstleistungen\/trockenbau\/\">\n\t\t\t\t\t\t<span class=\"elementor-button-content-wrapper\">\n\t\t\t\t\t\t<span class=\"elementor-button-icon\">\n\t\t\t\t<svg aria-hidden=\"true\" class=\"e-font-icon-svg e-fas-long-arrow-alt-right\" viewbox=\"0 0 448 512\" xmlns=\"http:\/\/www.w3.org\/2000\/svg\"><path d=\"M313.941 216H12c-6.627 0-12 5.373-12 12v56c0 6.627 5.373 12 12 12h301.941v46.059c0 21.382 25.851 32.09 40.971 16.971l86.059-86.059c9.373-9.373 9.373-24.569 0-33.941l-86.059-86.059c-15.119-15.119-40.971-4.411-40.971 16.971V216z\"><\/path><\/svg>\t\t\t<\/span>\n\t\t\t\t\t\t\t\t\t<span class=\"elementor-button-text\">Read more<\/span>\n\t\t\t\t\t<\/span>\n\t\t\t\t\t<\/a>\n\t\t\t\t\t\t\t\t<\/div>\n\t\t\t\t<\/div>\n\t\t<div class=\"elementor-element elementor-element-7a10b8c6 e-con-full e-flex e-con e-child\" data-id=\"7a10b8c6\" data-element_type=\"container\" data-e-type=\"container\">\n\t\t\t\t<div class=\"elementor-element elementor-element-8582002 elementor-widget elementor-widget-image\" data-id=\"8582002\" data-element_type=\"widget\" data-e-type=\"widget\" data-widget_type=\"image.default\">\n\t\t\t\t\t\t\t\t\t\t\t\t\t\t\t<img loading=\"lazy\" decoding=\"async\" width=\"245\" height=\"245\" src=\"https:\/\/www.bsbaumanagement.eu\/wp-content\/uploads\/2026\/04\/plastering.jpg\" class=\"attachment-full size-full wp-image-281\" alt=\"\" srcset=\"https:\/\/www.bsbaumanagement.eu\/wp-content\/uploads\/2026\/04\/plastering.jpg 245w, https:\/\/www.bsbaumanagement.eu\/wp-content\/uploads\/2026\/04\/plastering-150x150.jpg 150w, https:\/\/www.bsbaumanagement.eu\/wp-content\/uploads\/2026\/04\/plastering-12x12.jpg 12w\" sizes=\"(max-width: 245px) 100vw, 245px\" \/>\t\t\t\t\t\t\t\t\t\t\t\t\t\t\t<\/div>\n\t\t\t\t<div class=\"elementor-element elementor-element-312596db elementor-widget elementor-widget-heading\" data-id=\"312596db\" data-element_type=\"widget\" data-e-type=\"widget\" data-widget_type=\"heading.default\">\n\t\t\t\t\t<h3 class=\"elementor-heading-title elementor-size-default\">Interior &amp; Exterior Plastering<\/h3>\t\t\t\t<\/div>\n\t\t\t\t<div class=\"elementor-element elementor-element-148deead elementor-widget elementor-widget-text-editor\" data-id=\"148deead\" data-element_type=\"widget\" data-e-type=\"widget\" data-widget_type=\"text-editor.default\">\n\t\t\t\t\t\t\t\t\t<p>High-quality interior and exterior plastering creates durable surfaces, a polished appearance, and a solid base for further finishing work.<\/p>\t\t\t\t\t\t\t\t<\/div>\n\t\t\t\t<div class=\"elementor-element elementor-element-724d9271 elementor-widget elementor-widget-button\" data-id=\"724d9271\" data-element_type=\"widget\" data-e-type=\"widget\" data-widget_type=\"button.default\">\n\t\t\t\t\t\t\t\t\t\t<a class=\"elementor-button elementor-button-link elementor-size-sm\" href=\"https:\/\/www.bsbaumanagement.eu\/en\/dienstleistungen\/innen-aussenputz\/\">\n\t\t\t\t\t\t<span class=\"elementor-button-content-wrapper\">\n\t\t\t\t\t\t<span class=\"elementor-button-icon\">\n\t\t\t\t<svg aria-hidden=\"true\" class=\"e-font-icon-svg e-fas-long-arrow-alt-right\" viewbox=\"0 0 448 512\" xmlns=\"http:\/\/www.w3.org\/2000\/svg\"><path d=\"M313.941 216H12c-6.627 0-12 5.373-12 12v56c0 6.627 5.373 12 12 12h301.941v46.059c0 21.382 25.851 32.09 40.971 16.971l86.059-86.059c9.373-9.373 9.373-24.569 0-33.941l-86.059-86.059c-15.119-15.119-40.971-4.411-40.971 16.971V216z\"><\/path><\/svg>\t\t\t<\/span>\n\t\t\t\t\t\t\t\t\t<span class=\"elementor-button-text\">Read more<\/span>\n\t\t\t\t\t<\/span>\n\t\t\t\t\t<\/a>\n\t\t\t\t\t\t\t\t<\/div>\n\t\t\t\t<\/div>\n\t\t\t\t<\/div>\n\t\t\t\t\t<\/div>\n\t\t\t\t<\/div>\n\t\t<div class=\"elementor-element elementor-element-69fad949 e-con-full e-flex e-con e-parent\" data-id=\"69fad949\" data-element_type=\"container\" data-e-type=\"container\">\n\t\t\t\t<div class=\"elementor-element elementor-element-1c82e177 elementor-widget elementor-widget-shortcode\" data-id=\"1c82e177\" data-element_type=\"widget\" data-e-type=\"widget\" data-widget_type=\"shortcode.default\">\n\t\t\t\t\t\t\t<div class=\"elementor-shortcode\"><\/div>\n\t\t\t\t\t\t<\/div>\n\t\t\t\t<\/div>\n\t\t\t\t<\/div>","protected":false},"excerpt":{"rendered":"<p>Bauleistungen, die zu Ihrem Projekt passen Jedes Projekt hat andere technische Anforderungen, Zeitpl\u00e4ne und Bedingungen vor Ort. Wir bieten flexible, praxisnahe Unterst\u00fctzung f\u00fcr Wohn- und Gewerbeprojekte und achten dabei von Anfang bis Ende genau auf Qualit\u00e4t, Koordination und eine saubere Ausf\u00fchrung. Umbau Wir planen und koordinieren Umbauprojekte mit Fokus auf Funktion, Effizienz und eine nahtlose [&hellip;]<\/p>\n","protected":false},"author":2,"featured_media":0,"parent":0,"menu_order":0,"comment_status":"closed","ping_status":"closed","template":"","meta":{"footnotes":""},"class_list":["post-521","page","type-page","status-publish","hentry"],"yoast_head":"<!-- This site is optimized with the Yoast SEO plugin v27.5 - https:\/\/yoast.com\/product\/yoast-seo-wordpress\/ -->\n<title>Dienstleistungen | BS Baumanagement e.U.<\/title>\n<meta name=\"description\" content=\"Dienstleistungen f\u00fcr Umbau, Sanierung, WDVS, Trockenbau und Putzarbeiten aus einer Hand.\" \/>\n<meta name=\"robots\" content=\"index, follow, max-snippet:-1, max-image-preview:large, max-video-preview:-1\" \/>\n<link rel=\"canonical\" href=\"https:\/\/www.bsbaumanagement.eu\/en\/dienstleistungen\/\" \/>\n<meta property=\"og:locale\" content=\"en_GB\" \/>\n<meta property=\"og:type\" content=\"article\" \/>\n<meta property=\"og:title\" content=\"Dienstleistungen | BS Baumanagement e.U.\" \/>\n<meta property=\"og:description\" content=\"Dienstleistungen f\u00fcr Umbau, Sanierung, WDVS, Trockenbau und Putzarbeiten aus einer Hand.\" \/>\n<meta property=\"og:url\" content=\"https:\/\/www.bsbaumanagement.eu\/en\/dienstleistungen\/\" \/>\n<meta property=\"og:site_name\" content=\"BS Baumanagement e.U.\" \/>\n<meta property=\"article:modified_time\" content=\"2026-05-08T11:00:24+00:00\" \/>\n<meta property=\"og:image\" content=\"https:\/\/www.bsbaumanagement.eu\/wp-content\/uploads\/2026\/04\/renovation-01.jpg\" \/>\n<meta name=\"twitter:card\" content=\"summary_large_image\" \/>\n<meta name=\"twitter:label1\" content=\"Estimated reading time\" \/>\n\t<meta name=\"twitter:data1\" content=\"2 minutes\" \/>\n<script type=\"application\/ld+json\" class=\"yoast-schema-graph\">{\"@context\":\"https:\\\/\\\/schema.org\",\"@graph\":[{\"@type\":\"WebPage\",\"@id\":\"https:\\\/\\\/www.bsbaumanagement.eu\\\/dienstleistungen\\\/\",\"url\":\"https:\\\/\\\/www.bsbaumanagement.eu\\\/dienstleistungen\\\/\",\"name\":\"Dienstleistungen | BS Baumanagement e.U.\",\"isPartOf\":{\"@id\":\"https:\\\/\\\/www.bsbaumanagement.eu\\\/#website\"},\"primaryImageOfPage\":{\"@id\":\"https:\\\/\\\/www.bsbaumanagement.eu\\\/dienstleistungen\\\/#primaryimage\"},\"image\":{\"@id\":\"https:\\\/\\\/www.bsbaumanagement.eu\\\/dienstleistungen\\\/#primaryimage\"},\"thumbnailUrl\":\"https:\\\/\\\/www.bsbaumanagement.eu\\\/wp-content\\\/uploads\\\/2026\\\/04\\\/renovation-01.jpg\",\"datePublished\":\"2026-04-29T10:41:45+00:00\",\"dateModified\":\"2026-05-08T11:00:24+00:00\",\"description\":\"Dienstleistungen f\u00fcr Umbau, Sanierung, WDVS, Trockenbau und Putzarbeiten aus einer Hand.\",\"breadcrumb\":{\"@id\":\"https:\\\/\\\/www.bsbaumanagement.eu\\\/dienstleistungen\\\/#breadcrumb\"},\"inLanguage\":\"en-GB\",\"potentialAction\":[{\"@type\":\"ReadAction\",\"target\":[\"https:\\\/\\\/www.bsbaumanagement.eu\\\/dienstleistungen\\\/\"]}]},{\"@type\":\"ImageObject\",\"inLanguage\":\"en-GB\",\"@id\":\"https:\\\/\\\/www.bsbaumanagement.eu\\\/dienstleistungen\\\/#primaryimage\",\"url\":\"https:\\\/\\\/www.bsbaumanagement.eu\\\/wp-content\\\/uploads\\\/2026\\\/04\\\/renovation-01.jpg\",\"contentUrl\":\"https:\\\/\\\/www.bsbaumanagement.eu\\\/wp-content\\\/uploads\\\/2026\\\/04\\\/renovation-01.jpg\"},{\"@type\":\"BreadcrumbList\",\"@id\":\"https:\\\/\\\/www.bsbaumanagement.eu\\\/dienstleistungen\\\/#breadcrumb\",\"itemListElement\":[{\"@type\":\"ListItem\",\"position\":1,\"name\":\"Home\",\"item\":\"https:\\\/\\\/www.bsbaumanagement.eu\\\/\"},{\"@type\":\"ListItem\",\"position\":2,\"name\":\"Dienstleistungen\"}]},{\"@type\":\"WebSite\",\"@id\":\"https:\\\/\\\/www.bsbaumanagement.eu\\\/#website\",\"url\":\"https:\\\/\\\/www.bsbaumanagement.eu\\\/\",\"name\":\"BS Baumanagement e.U.\",\"description\":\"\",\"publisher\":{\"@id\":\"https:\\\/\\\/www.bsbaumanagement.eu\\\/#organization\"},\"potentialAction\":[{\"@type\":\"SearchAction\",\"target\":{\"@type\":\"EntryPoint\",\"urlTemplate\":\"https:\\\/\\\/www.bsbaumanagement.eu\\\/?s={search_term_string}\"},\"query-input\":{\"@type\":\"PropertyValueSpecification\",\"valueRequired\":true,\"valueName\":\"search_term_string\"}}],\"inLanguage\":\"en-GB\"},{\"@type\":\"Organization\",\"@id\":\"https:\\\/\\\/www.bsbaumanagement.eu\\\/#organization\",\"name\":\"BS Baumanagement e.U.\",\"url\":\"https:\\\/\\\/www.bsbaumanagement.eu\\\/\",\"logo\":{\"@type\":\"ImageObject\",\"inLanguage\":\"en-GB\",\"@id\":\"https:\\\/\\\/www.bsbaumanagement.eu\\\/#\\\/schema\\\/logo\\\/image\\\/\",\"url\":\"https:\\\/\\\/www.bsbaumanagement.eu\\\/wp-content\\\/uploads\\\/2025\\\/12\\\/Design-ohne-Titel-7-1-e1777460475619.png\",\"contentUrl\":\"https:\\\/\\\/www.bsbaumanagement.eu\\\/wp-content\\\/uploads\\\/2025\\\/12\\\/Design-ohne-Titel-7-1-e1777460475619.png\",\"width\":922,\"height\":503,\"caption\":\"BS Baumanagement e.U.\"},\"image\":{\"@id\":\"https:\\\/\\\/www.bsbaumanagement.eu\\\/#\\\/schema\\\/logo\\\/image\\\/\"}}]}<\/script>\n<!-- \/ Yoast SEO plugin. -->","yoast_head_json":{"title":"Dienstleistungen | BS Baumanagement e.U.","description":"Dienstleistungen f\u00fcr Umbau, Sanierung, WDVS, Trockenbau und Putzarbeiten aus einer Hand.","robots":{"index":"index","follow":"follow","max-snippet":"max-snippet:-1","max-image-preview":"max-image-preview:large","max-video-preview":"max-video-preview:-1"},"canonical":"https:\/\/www.bsbaumanagement.eu\/en\/dienstleistungen\/","og_locale":"en_GB","og_type":"article","og_title":"Dienstleistungen | BS Baumanagement e.U.","og_description":"Dienstleistungen f\u00fcr Umbau, Sanierung, WDVS, Trockenbau und Putzarbeiten aus einer Hand.","og_url":"https:\/\/www.bsbaumanagement.eu\/en\/dienstleistungen\/","og_site_name":"BS Baumanagement e.U.","article_modified_time":"2026-05-08T11:00:24+00:00","og_image":[{"url":"https:\/\/www.bsbaumanagement.eu\/wp-content\/uploads\/2026\/04\/renovation-01.jpg","type":"","width":"","height":""}],"twitter_card":"summary_large_image","twitter_misc":{"Estimated reading time":"2 minutes"},"schema":{"@context":"https:\/\/schema.org","@graph":[{"@type":"WebPage","@id":"https:\/\/www.bsbaumanagement.eu\/dienstleistungen\/","url":"https:\/\/www.bsbaumanagement.eu\/dienstleistungen\/","name":"Dienstleistungen | BS Baumanagement e.U.","isPartOf":{"@id":"https:\/\/www.bsbaumanagement.eu\/#website"},"primaryImageOfPage":{"@id":"https:\/\/www.bsbaumanagement.eu\/dienstleistungen\/#primaryimage"},"image":{"@id":"https:\/\/www.bsbaumanagement.eu\/dienstleistungen\/#primaryimage"},"thumbnailUrl":"https:\/\/www.bsbaumanagement.eu\/wp-content\/uploads\/2026\/04\/renovation-01.jpg","datePublished":"2026-04-29T10:41:45+00:00","dateModified":"2026-05-08T11:00:24+00:00","description":"Dienstleistungen f\u00fcr Umbau, Sanierung, WDVS, Trockenbau und Putzarbeiten aus einer Hand.","breadcrumb":{"@id":"https:\/\/www.bsbaumanagement.eu\/dienstleistungen\/#breadcrumb"},"inLanguage":"en-GB","potentialAction":[{"@type":"ReadAction","target":["https:\/\/www.bsbaumanagement.eu\/dienstleistungen\/"]}]},{"@type":"ImageObject","inLanguage":"en-GB","@id":"https:\/\/www.bsbaumanagement.eu\/dienstleistungen\/#primaryimage","url":"https:\/\/www.bsbaumanagement.eu\/wp-content\/uploads\/2026\/04\/renovation-01.jpg","contentUrl":"https:\/\/www.bsbaumanagement.eu\/wp-content\/uploads\/2026\/04\/renovation-01.jpg"},{"@type":"BreadcrumbList","@id":"https:\/\/www.bsbaumanagement.eu\/dienstleistungen\/#breadcrumb","itemListElement":[{"@type":"ListItem","position":1,"name":"Home","item":"https:\/\/www.bsbaumanagement.eu\/"},{"@type":"ListItem","position":2,"name":"Dienstleistungen"}]},{"@type":"WebSite","@id":"https:\/\/www.bsbaumanagement.eu\/#website","url":"https:\/\/www.bsbaumanagement.eu\/","name":"BS Baumanagement e.U.","description":"","publisher":{"@id":"https:\/\/www.bsbaumanagement.eu\/#organization"},"potentialAction":[{"@type":"SearchAction","target":{"@type":"EntryPoint","urlTemplate":"https:\/\/www.bsbaumanagement.eu\/?s={search_term_string}"},"query-input":{"@type":"PropertyValueSpecification","valueRequired":true,"valueName":"search_term_string"}}],"inLanguage":"en-GB"},{"@type":"Organization","@id":"https:\/\/www.bsbaumanagement.eu\/#organization","name":"BS Baumanagement e.U.","url":"https:\/\/www.bsbaumanagement.eu\/","logo":{"@type":"ImageObject","inLanguage":"en-GB","@id":"https:\/\/www.bsbaumanagement.eu\/#\/schema\/logo\/image\/","url":"https:\/\/www.bsbaumanagement.eu\/wp-content\/uploads\/2025\/12\/Design-ohne-Titel-7-1-e1777460475619.png","contentUrl":"https:\/\/www.bsbaumanagement.eu\/wp-content\/uploads\/2025\/12\/Design-ohne-Titel-7-1-e1777460475619.png","width":922,"height":503,"caption":"BS Baumanagement e.U."},"image":{"@id":"https:\/\/www.bsbaumanagement.eu\/#\/schema\/logo\/image\/"}}]}},"_links":{"self":[{"href":"https:\/\/www.bsbaumanagement.eu\/en\/wp-json\/wp\/v2\/pages\/521","targetHints":{"allow":["GET"]}}],"collection":[{"href":"https:\/\/www.bsbaumanagement.eu\/en\/wp-json\/wp\/v2\/pages"}],"about":[{"href":"https:\/\/www.bsbaumanagement.eu\/en\/wp-json\/wp\/v2\/types\/page"}],"author":[{"embeddable":true,"href":"https:\/\/www.bsbaumanagement.eu\/en\/wp-json\/wp\/v2\/users\/2"}],"replies":[{"embeddable":true,"href":"https:\/\/www.bsbaumanagement.eu\/en\/wp-json\/wp\/v2\/comments?post=521"}],"version-history":[{"count":5,"href":"https:\/\/www.bsbaumanagement.eu\/en\/wp-json\/wp\/v2\/pages\/521\/revisions"}],"predecessor-version":[{"id":653,"href":"https:\/\/www.bsbaumanagement.eu\/en\/wp-json\/wp\/v2\/pages\/521\/revisions\/653"}],"wp:attachment":[{"href":"https:\/\/www.bsbaumanagement.eu\/en\/wp-json\/wp\/v2\/media?parent=521"}],"curies":[{"name":"wp","href":"https:\/\/api.w.org\/{rel}","templated":true}]}}