{"id":530,"date":"2026-04-29T12:41:45","date_gmt":"2026-04-29T10:41:45","guid":{"rendered":"https:\/\/www.bsbaumanagement.eu\/dienstleistungen\/wdvs\/"},"modified":"2026-05-08T13:02:05","modified_gmt":"2026-05-08T11:02:05","slug":"wdvs","status":"publish","type":"page","link":"https:\/\/www.bsbaumanagement.eu\/en\/dienstleistungen\/wdvs\/","title":{"rendered":"ETICS"},"content":{"rendered":"<div data-elementor-type=\"wp-page\" data-elementor-id=\"530\" class=\"elementor elementor-530\" data-elementor-post-type=\"page\">\n\t\t\t\t<div class=\"elementor-element elementor-element-cc4aa6a e-flex e-con-boxed e-con e-parent\" data-id=\"cc4aa6a\" data-element_type=\"container\" data-e-type=\"container\" data-settings=\"{&quot;background_background&quot;:&quot;classic&quot;}\">\n\t\t\t\t\t<div class=\"e-con-inner\">\n\t\t\t\t\t<\/div>\n\t\t\t\t<\/div>\n\t\t<div class=\"elementor-element elementor-element-1dcefd3e e-flex e-con-boxed e-con e-parent\" data-id=\"1dcefd3e\" data-element_type=\"container\" data-e-type=\"container\">\n\t\t\t\t\t<div class=\"e-con-inner\">\n\t\t<div class=\"elementor-element elementor-element-7dcedea4 e-con-full e-flex e-con e-child\" data-id=\"7dcedea4\" data-element_type=\"container\" data-e-type=\"container\">\n\t\t\t\t<div class=\"elementor-element elementor-element-1112638 elementor-widget elementor-widget-heading\" data-id=\"1112638\" data-element_type=\"widget\" data-e-type=\"widget\" data-widget_type=\"heading.default\">\n\t\t\t\t\t<h2 class=\"elementor-heading-title elementor-size-default\">Efficient External Insulation With Long-Term Value<\/h2>\t\t\t\t<\/div>\n\t\t\t\t<\/div>\n\t\t<div class=\"elementor-element elementor-element-28e06d1f e-con-full e-flex e-con e-child\" data-id=\"28e06d1f\" data-element_type=\"container\" data-e-type=\"container\">\n\t\t\t\t<div class=\"elementor-element elementor-element-5949c950 elementor-widget elementor-widget-text-editor\" data-id=\"5949c950\" data-element_type=\"widget\" data-e-type=\"widget\" data-widget_type=\"text-editor.default\">\n\t\t\t\t\t\t\t\t\t<p>A professionally executed ETICS system does more than improve appearance. It helps reduce heat loss, protects the structure, and supports better energy performance over time. BS Baumanagement e.U. approaches WDVS projects with technical care, clean workmanship, and attention to the overall condition of the building envelope.<\/p>\t\t\t\t\t\t\t\t<\/div>\n\t\t\t\t<\/div>\n\t\t\t\t\t<\/div>\n\t\t\t\t<\/div>\n\t\t<div class=\"elementor-element elementor-element-1c5cfeb0 elementor-hidden-desktop elementor-hidden-tablet elementor-hidden-mobile e-flex e-con-boxed e-con e-parent\" data-id=\"1c5cfeb0\" data-element_type=\"container\" data-e-type=\"container\">\n\t\t\t\t\t<div class=\"e-con-inner\">\n\t\t<div class=\"elementor-element elementor-element-22a3d1b4 e-con-full e-flex e-con e-child\" data-id=\"22a3d1b4\" data-element_type=\"container\" data-e-type=\"container\">\n\t\t\t\t<div class=\"elementor-element elementor-element-4986cbf0 elementor-widget elementor-widget-heading\" data-id=\"4986cbf0\" data-element_type=\"widget\" data-e-type=\"widget\" data-widget_type=\"heading.default\">\n\t\t\t\t\t<h2 class=\"elementor-heading-title elementor-size-default\">Lorem ipsum dolor sit amet<\/h2>\t\t\t\t<\/div>\n\t\t\t\t<div class=\"elementor-element elementor-element-88f8d24 elementor-widget elementor-widget-text-editor\" data-id=\"88f8d24\" data-element_type=\"widget\" data-e-type=\"widget\" data-widget_type=\"text-editor.default\">\n\t\t\t\t\t\t\t\t\t<p>Lorem ipsum dolor sit amet, consectetur adipiscing elit. Ut elit tellus, luctus nec ullamcorper mattis, pulvinar dapibus leo.<\/p>\t\t\t\t\t\t\t\t<\/div>\n\t\t\t\t<\/div>\n\t\t<div class=\"elementor-element elementor-element-4259f644 e-con-full e-flex e-con e-child\" data-id=\"4259f644\" data-element_type=\"container\" data-e-type=\"container\">\n\t\t<div class=\"elementor-element elementor-element-2ebb72d7 e-con-full e-flex e-con e-child\" data-id=\"2ebb72d7\" data-element_type=\"container\" data-e-type=\"container\">\n\t\t\t\t<div class=\"elementor-element elementor-element-71f0bcfd elementor-widget elementor-widget-heading\" data-id=\"71f0bcfd\" data-element_type=\"widget\" data-e-type=\"widget\" data-widget_type=\"heading.default\">\n\t\t\t\t\t<h3 class=\"elementor-heading-title elementor-size-default\">Lorem ipsum dolor sit amet<\/h3>\t\t\t\t<\/div>\n\t\t\t\t<div class=\"elementor-element elementor-element-2859e73a elementor-widget elementor-widget-text-editor\" data-id=\"2859e73a\" data-element_type=\"widget\" data-e-type=\"widget\" data-widget_type=\"text-editor.default\">\n\t\t\t\t\t\t\t\t\t<p>Lorem ipsum dolor sit amet, consectetur adipiscing elit. Ut elit tellus, luctus nec ullamcorper mattis, pulvinar dapibus leo.<\/p>\t\t\t\t\t\t\t\t<\/div>\n\t\t\t\t<\/div>\n\t\t<div class=\"elementor-element elementor-element-5a5ad71e e-con-full e-flex e-con e-child\" data-id=\"5a5ad71e\" data-element_type=\"container\" data-e-type=\"container\">\n\t\t\t\t<div class=\"elementor-element elementor-element-353af2e0 elementor-widget elementor-widget-heading\" data-id=\"353af2e0\" data-element_type=\"widget\" data-e-type=\"widget\" data-widget_type=\"heading.default\">\n\t\t\t\t\t<h3 class=\"elementor-heading-title elementor-size-default\">Lorem ipsum dolor sit amet<\/h3>\t\t\t\t<\/div>\n\t\t\t\t<div class=\"elementor-element elementor-element-24e90338 elementor-widget elementor-widget-text-editor\" data-id=\"24e90338\" data-element_type=\"widget\" data-e-type=\"widget\" data-widget_type=\"text-editor.default\">\n\t\t\t\t\t\t\t\t\t<p>Lorem ipsum dolor sit amet, consectetur adipiscing elit. Ut elit tellus, luctus nec ullamcorper mattis, pulvinar dapibus leo.<\/p>\t\t\t\t\t\t\t\t<\/div>\n\t\t\t\t<\/div>\n\t\t<div class=\"elementor-element elementor-element-aa2f9b0 e-con-full e-flex e-con e-child\" data-id=\"aa2f9b0\" data-element_type=\"container\" data-e-type=\"container\">\n\t\t\t\t<div class=\"elementor-element elementor-element-6a1d36bc elementor-widget elementor-widget-heading\" data-id=\"6a1d36bc\" data-element_type=\"widget\" data-e-type=\"widget\" data-widget_type=\"heading.default\">\n\t\t\t\t\t<h3 class=\"elementor-heading-title elementor-size-default\">Lorem ipsum dolor sit amet<\/h3>\t\t\t\t<\/div>\n\t\t\t\t<div class=\"elementor-element elementor-element-31308a0d elementor-widget elementor-widget-text-editor\" data-id=\"31308a0d\" data-element_type=\"widget\" data-e-type=\"widget\" data-widget_type=\"text-editor.default\">\n\t\t\t\t\t\t\t\t\t<p>Lorem ipsum dolor sit amet, consectetur adipiscing elit. Ut elit tellus, luctus nec ullamcorper mattis, pulvinar dapibus leo.<\/p>\t\t\t\t\t\t\t\t<\/div>\n\t\t\t\t<\/div>\n\t\t<div class=\"elementor-element elementor-element-7cfc0358 e-con-full e-flex e-con e-child\" data-id=\"7cfc0358\" data-element_type=\"container\" data-e-type=\"container\">\n\t\t\t\t<div class=\"elementor-element elementor-element-4f99ac58 elementor-widget elementor-widget-heading\" data-id=\"4f99ac58\" data-element_type=\"widget\" data-e-type=\"widget\" data-widget_type=\"heading.default\">\n\t\t\t\t\t<h3 class=\"elementor-heading-title elementor-size-default\">Lorem ipsum dolor sit amet<\/h3>\t\t\t\t<\/div>\n\t\t\t\t<div class=\"elementor-element elementor-element-33db83de elementor-widget elementor-widget-text-editor\" data-id=\"33db83de\" data-element_type=\"widget\" data-e-type=\"widget\" data-widget_type=\"text-editor.default\">\n\t\t\t\t\t\t\t\t\t<p>Lorem ipsum dolor sit amet, consectetur adipiscing elit. Ut elit tellus, luctus nec ullamcorper mattis, pulvinar dapibus leo.<\/p>\t\t\t\t\t\t\t\t<\/div>\n\t\t\t\t<\/div>\n\t\t\t\t<\/div>\n\t\t\t\t\t<\/div>\n\t\t\t\t<\/div>\n\t\t<div class=\"elementor-element elementor-element-57b5a13e e-flex e-con-boxed e-con e-parent\" data-id=\"57b5a13e\" data-element_type=\"container\" data-e-type=\"container\">\n\t\t\t\t\t<div class=\"e-con-inner\">\n\t\t<div class=\"elementor-element elementor-element-43568dd6 e-con-full e-flex e-con e-child\" data-id=\"43568dd6\" data-element_type=\"container\" data-e-type=\"container\">\n\t\t\t\t<div class=\"elementor-element elementor-element-5d64b735 elementor-widget elementor-widget-heading\" data-id=\"5d64b735\" data-element_type=\"widget\" data-e-type=\"widget\" data-widget_type=\"heading.default\">\n\t\t\t\t\t<h2 class=\"elementor-heading-title elementor-size-default\">Why WDVS Makes Sense<\/h2>\t\t\t\t<\/div>\n\t\t\t\t<\/div>\n\t\t<div class=\"elementor-element elementor-element-3162d28c e-con-full e-flex e-con e-child\" data-id=\"3162d28c\" data-element_type=\"container\" data-e-type=\"container\">\n\t\t\t\t<div class=\"elementor-element elementor-element-6fc23b0a elementor-widget elementor-widget-text-editor\" data-id=\"6fc23b0a\" data-element_type=\"widget\" data-e-type=\"widget\" data-widget_type=\"text-editor.default\">\n\t\t\t\t\t\t\t\t\t<p>A well-designed insulation system improves comfort inside the building and creates a more consistent exterior finish outside. It supports energy efficiency, helps protect the facade from weather exposure, and contributes to the long-term preservation of the property. With the right preparation and execution, WDVS becomes a practical investment in both performance and appearance.<\/p>\t\t\t\t\t\t\t\t<\/div>\n\t\t\t\t<\/div>\n\t\t\t\t\t<\/div>\n\t\t\t\t<\/div>\n\t\t<div class=\"elementor-element elementor-element-6a833220 e-con-full e-flex e-con e-parent\" data-id=\"6a833220\" data-element_type=\"container\" data-e-type=\"container\">\n\t\t\t\t<div class=\"elementor-element elementor-element-5e7b1e22 elementor-widget elementor-widget-shortcode\" data-id=\"5e7b1e22\" data-element_type=\"widget\" data-e-type=\"widget\" data-widget_type=\"shortcode.default\">\n\t\t\t\t\t\t\t<div class=\"elementor-shortcode\">\t\t<div data-elementor-type=\"section\" data-elementor-id=\"507\" class=\"elementor elementor-507\" data-elementor-post-type=\"elementor_library\">\n\t\t\t<div class=\"elementor-element elementor-element-5a9693b7 e-flex e-con-boxed e-con e-parent\" data-id=\"5a9693b7\" data-element_type=\"container\" data-e-type=\"container\" data-settings=\"{&quot;background_background&quot;:&quot;classic&quot;}\">\n\t\t\t\t\t<div class=\"e-con-inner\">\n\t\t\t\t<div class=\"elementor-element elementor-element-74f520c7 elementor-widget elementor-widget-heading\" data-id=\"74f520c7\" data-element_type=\"widget\" data-e-type=\"widget\" data-widget_type=\"heading.default\">\n\t\t\t\t\t<h2 class=\"elementor-heading-title elementor-size-default\">Get in Touch<\/h2>\t\t\t\t<\/div>\n\t\t\t\t<div class=\"elementor-element elementor-element-381bfd1 elementor-widget elementor-widget-heading\" data-id=\"381bfd1\" data-element_type=\"widget\" data-e-type=\"widget\" data-widget_type=\"heading.default\">\n\t\t\t\t\t<p class=\"elementor-heading-title elementor-size-default\">Have a project in mind? Contact us for a straightforward discussion about your requirements, timeline, and next steps.<\/p>\t\t\t\t<\/div>\n\t\t\t\t\t<\/div>\n\t\t\t\t<\/div>\n\t\t<div class=\"elementor-element elementor-element-10faaa64 e-con-full e-flex e-con e-parent\" data-id=\"10faaa64\" data-element_type=\"container\" data-e-type=\"container\" data-settings=\"{&quot;background_background&quot;:&quot;classic&quot;}\">\n\t\t<div class=\"elementor-element elementor-element-229158fc e-flex e-con-boxed e-con e-child\" data-id=\"229158fc\" data-element_type=\"container\" data-e-type=\"container\">\n\t\t\t\t\t<div class=\"e-con-inner\">\n\t\t<div class=\"elementor-element elementor-element-23d7fd4e e-con-full e-flex e-con e-child\" data-id=\"23d7fd4e\" data-element_type=\"container\" data-e-type=\"container\">\n\t\t\t\t<div class=\"elementor-element elementor-element-78e6847 elementor-widget elementor-widget-icon-box\" data-id=\"78e6847\" data-element_type=\"widget\" data-e-type=\"widget\" data-widget_type=\"icon-box.default\">\n\t\t\t\t\t\t\t<div class=\"elementor-icon-box-wrapper\">\n\n\t\t\t\n\t\t\t\t\t\t<div class=\"elementor-icon-box-content\">\n\n\t\t\t\t\t\t\t\t\t<h4 class=\"elementor-icon-box-title\">\n\t\t\t\t\t\t<a href=\"mailto:office@bsbaumanagement.eu\" >\n\t\t\t\t\t\t\tEmail\t\t\t\t\t\t<\/a>\n\t\t\t\t\t<\/h4>\n\t\t\t\t\n\t\t\t\t\n\t\t\t<\/div>\n\t\t\t\n\t\t<\/div>\n\t\t\t\t\t\t<\/div>\n\t\t\t\t<div class=\"elementor-element elementor-element-4a1ec52b elementor-align-start elementor-icon-list--layout-traditional elementor-list-item-link-full_width elementor-widget elementor-widget-icon-list\" data-id=\"4a1ec52b\" data-element_type=\"widget\" data-e-type=\"widget\" data-widget_type=\"icon-list.default\">\n\t\t\t\t\t\t\t<ul class=\"elementor-icon-list-items\">\n\t\t\t\t\t\t\t<li class=\"elementor-icon-list-item\">\n\t\t\t\t\t\t\t\t\t\t\t<a href=\"mailto:office@bsbaumanagement.eu\">\n\n\t\t\t\t\t\t\t\t\t\t\t<span class=\"elementor-icon-list-text\">office@bsbaumanagement.eu<\/span>\n\t\t\t\t\t\t\t\t\t\t\t<\/a>\n\t\t\t\t\t\t\t\t\t<\/li>\n\t\t\t\t\t\t<\/ul>\n\t\t\t\t\t\t<\/div>\n\t\t\t\t<\/div>\n\t\t<div class=\"elementor-element elementor-element-5b207e0f e-con-full e-flex e-con e-child\" data-id=\"5b207e0f\" data-element_type=\"container\" data-e-type=\"container\">\n\t\t\t\t<div class=\"elementor-element elementor-element-53d51e59 elementor-widget elementor-widget-icon-box\" data-id=\"53d51e59\" data-element_type=\"widget\" data-e-type=\"widget\" data-widget_type=\"icon-box.default\">\n\t\t\t\t\t\t\t<div class=\"elementor-icon-box-wrapper\">\n\n\t\t\t\n\t\t\t\t\t\t<div class=\"elementor-icon-box-content\">\n\n\t\t\t\t\t\t\t\t\t<h4 class=\"elementor-icon-box-title\">\n\t\t\t\t\t\t<a href=\"tel:+43%20664%20518%2064%2003\" >\n\t\t\t\t\t\t\tPhone\t\t\t\t\t\t<\/a>\n\t\t\t\t\t<\/h4>\n\t\t\t\t\n\t\t\t\t\n\t\t\t<\/div>\n\t\t\t\n\t\t<\/div>\n\t\t\t\t\t\t<\/div>\n\t\t\t\t<div class=\"elementor-element elementor-element-62ea4c66 elementor-align-start elementor-icon-list--layout-traditional elementor-list-item-link-full_width elementor-widget elementor-widget-icon-list\" data-id=\"62ea4c66\" data-element_type=\"widget\" data-e-type=\"widget\" data-widget_type=\"icon-list.default\">\n\t\t\t\t\t\t\t<ul class=\"elementor-icon-list-items\">\n\t\t\t\t\t\t\t<li class=\"elementor-icon-list-item\">\n\t\t\t\t\t\t\t\t\t\t\t<a href=\"tel:+43%20664%20518%2064%2003\">\n\n\t\t\t\t\t\t\t\t\t\t\t<span class=\"elementor-icon-list-text\">+43 664 518 64 03<\/span>\n\t\t\t\t\t\t\t\t\t\t\t<\/a>\n\t\t\t\t\t\t\t\t\t<\/li>\n\t\t\t\t\t\t<\/ul>\n\t\t\t\t\t\t<\/div>\n\t\t\t\t<\/div>\n\t\t<div class=\"elementor-element elementor-element-3aa58672 e-con-full e-flex e-con e-child\" data-id=\"3aa58672\" data-element_type=\"container\" data-e-type=\"container\">\n\t\t\t\t<div class=\"elementor-element elementor-element-1b7ae0b7 elementor-widget elementor-widget-icon-box\" data-id=\"1b7ae0b7\" data-element_type=\"widget\" data-e-type=\"widget\" data-widget_type=\"icon-box.default\">\n\t\t\t\t\t\t\t<div class=\"elementor-icon-box-wrapper\">\n\n\t\t\t\n\t\t\t\t\t\t<div class=\"elementor-icon-box-content\">\n\n\t\t\t\t\t\t\t\t\t<h4 class=\"elementor-icon-box-title\">\n\t\t\t\t\t\t<a href=\"https:\/\/maps.app.goo.gl\/DfY6jHmmYFWYjXPC8\" >\n\t\t\t\t\t\t\tAddress\t\t\t\t\t\t<\/a>\n\t\t\t\t\t<\/h4>\n\t\t\t\t\n\t\t\t\t\n\t\t\t<\/div>\n\t\t\t\n\t\t<\/div>\n\t\t\t\t\t\t<\/div>\n\t\t\t\t<div class=\"elementor-element elementor-element-58454a70 elementor-align-start elementor-icon-list--layout-traditional elementor-list-item-link-full_width elementor-widget elementor-widget-icon-list\" data-id=\"58454a70\" data-element_type=\"widget\" data-e-type=\"widget\" data-widget_type=\"icon-list.default\">\n\t\t\t\t\t\t\t<ul class=\"elementor-icon-list-items\">\n\t\t\t\t\t\t\t<li class=\"elementor-icon-list-item\">\n\t\t\t\t\t\t\t\t\t\t\t<a href=\"https:\/\/maps.app.goo.gl\/DfY6jHmmYFWYjXPC8\">\n\n\t\t\t\t\t\t\t\t\t\t\t<span class=\"elementor-icon-list-text\">Clemens-Krauss-Stra\u00dfe 19\/12 5020 Salzburg, \u00d6sterreich<\/span>\n\t\t\t\t\t\t\t\t\t\t\t<\/a>\n\t\t\t\t\t\t\t\t\t<\/li>\n\t\t\t\t\t\t<\/ul>\n\t\t\t\t\t\t<\/div>\n\t\t\t\t<\/div>\n\t\t\t\t\t<\/div>\n\t\t\t\t<\/div>\n\t\t\t\t<\/div>\n\t\t<div class=\"elementor-element elementor-element-54b3c46b e-flex e-con-boxed e-con e-parent\" data-id=\"54b3c46b\" data-element_type=\"container\" data-e-type=\"container\" data-settings=\"{&quot;background_background&quot;:&quot;classic&quot;}\">\n\t\t\t\t\t<div class=\"e-con-inner\">\n\t\t\t\t<div class=\"elementor-element elementor-element-b8a1692 elementor-widget elementor-widget-spacer\" data-id=\"b8a1692\" data-element_type=\"widget\" data-e-type=\"widget\" data-widget_type=\"spacer.default\">\n\t\t\t\t\t\t\t<div class=\"elementor-spacer\">\n\t\t\t<div class=\"elementor-spacer-inner\"><\/div>\n\t\t<\/div>\n\t\t\t\t\t\t<\/div>\n\t\t\t\t\t<\/div>\n\t\t\t\t<\/div>\n\t\t\t\t<\/div>\n\t\t<\/div>\n\t\t\t\t\t\t<\/div>\n\t\t\t\t<\/div>\n\t\t\t\t<\/div>","protected":false},"excerpt":{"rendered":"<p>Effiziente Au\u00dfend\u00e4mmung mit langfristigem Wert Ein fachgerecht ausgef\u00fchrtes WDVS verbessert nicht nur das Erscheinungsbild. Es hilft, W\u00e4rmeverluste zu senken, sch\u00fctzt die Bausubstanz und unterst\u00fctzt eine bessere Energieeffizienz \u00fcber lange Zeit. BS Baumanagement e.U. betreut WDVS-Projekte mit technischer Sorgfalt, sauberem Handwerk und Blick auf den Gesamtzustand der Geb\u00e4udeh\u00fclle. Lorem ipsum dolor sit amet Lorem ipsum dolor [&hellip;]<\/p>\n","protected":false},"author":2,"featured_media":0,"parent":521,"menu_order":0,"comment_status":"closed","ping_status":"closed","template":"","meta":{"footnotes":""},"class_list":["post-530","page","type-page","status-publish","hentry"],"yoast_head":"<!-- This site is optimized with the Yoast SEO plugin v27.5 - https:\/\/yoast.com\/product\/yoast-seo-wordpress\/ -->\n<title>WDVS | BS Baumanagement e.U.<\/title>\n<meta name=\"description\" content=\"WDVS f\u00fcr bessere W\u00e4rmed\u00e4mmung, Fassadenschutz und langfristigen Werterhalt Ihrer Immobilie.\" \/>\n<meta name=\"robots\" content=\"index, follow, max-snippet:-1, max-image-preview:large, max-video-preview:-1\" \/>\n<link rel=\"canonical\" href=\"https:\/\/www.bsbaumanagement.eu\/en\/dienstleistungen\/wdvs\/\" \/>\n<meta property=\"og:locale\" content=\"en_GB\" \/>\n<meta property=\"og:type\" content=\"article\" \/>\n<meta property=\"og:title\" content=\"WDVS | BS Baumanagement e.U.\" \/>\n<meta property=\"og:description\" content=\"WDVS f\u00fcr bessere W\u00e4rmed\u00e4mmung, Fassadenschutz und langfristigen Werterhalt Ihrer Immobilie.\" \/>\n<meta property=\"og:url\" content=\"https:\/\/www.bsbaumanagement.eu\/en\/dienstleistungen\/wdvs\/\" \/>\n<meta property=\"og:site_name\" content=\"BS Baumanagement e.U.\" \/>\n<meta property=\"article:modified_time\" content=\"2026-05-08T11:02:05+00:00\" \/>\n<meta property=\"og:image\" content=\"https:\/\/www.bsbaumanagement.eu\/wp-content\/uploads\/2025\/12\/Design-ohne-Titel-7-1-e1777460475619.png\" \/>\n\t<meta property=\"og:image:width\" content=\"922\" \/>\n\t<meta property=\"og:image:height\" content=\"503\" \/>\n\t<meta property=\"og:image:type\" content=\"image\/png\" \/>\n<meta name=\"twitter:card\" content=\"summary_large_image\" \/>\n<meta name=\"twitter:label1\" content=\"Estimated reading time\" \/>\n\t<meta name=\"twitter:data1\" content=\"2 minutes\" \/>\n<script type=\"application\/ld+json\" class=\"yoast-schema-graph\">{\"@context\":\"https:\\\/\\\/schema.org\",\"@graph\":[{\"@type\":\"WebPage\",\"@id\":\"https:\\\/\\\/www.bsbaumanagement.eu\\\/dienstleistungen\\\/wdvs\\\/\",\"url\":\"https:\\\/\\\/www.bsbaumanagement.eu\\\/dienstleistungen\\\/wdvs\\\/\",\"name\":\"WDVS | BS Baumanagement e.U.\",\"isPartOf\":{\"@id\":\"https:\\\/\\\/www.bsbaumanagement.eu\\\/#website\"},\"datePublished\":\"2026-04-29T10:41:45+00:00\",\"dateModified\":\"2026-05-08T11:02:05+00:00\",\"description\":\"WDVS f\u00fcr bessere W\u00e4rmed\u00e4mmung, Fassadenschutz und langfristigen Werterhalt Ihrer Immobilie.\",\"breadcrumb\":{\"@id\":\"https:\\\/\\\/www.bsbaumanagement.eu\\\/dienstleistungen\\\/wdvs\\\/#breadcrumb\"},\"inLanguage\":\"en-GB\",\"potentialAction\":[{\"@type\":\"ReadAction\",\"target\":[\"https:\\\/\\\/www.bsbaumanagement.eu\\\/dienstleistungen\\\/wdvs\\\/\"]}]},{\"@type\":\"BreadcrumbList\",\"@id\":\"https:\\\/\\\/www.bsbaumanagement.eu\\\/dienstleistungen\\\/wdvs\\\/#breadcrumb\",\"itemListElement\":[{\"@type\":\"ListItem\",\"position\":1,\"name\":\"Home\",\"item\":\"https:\\\/\\\/www.bsbaumanagement.eu\\\/\"},{\"@type\":\"ListItem\",\"position\":2,\"name\":\"Dienstleistungen\",\"item\":\"https:\\\/\\\/www.bsbaumanagement.eu\\\/dienstleistungen\\\/\"},{\"@type\":\"ListItem\",\"position\":3,\"name\":\"WDVS\"}]},{\"@type\":\"WebSite\",\"@id\":\"https:\\\/\\\/www.bsbaumanagement.eu\\\/#website\",\"url\":\"https:\\\/\\\/www.bsbaumanagement.eu\\\/\",\"name\":\"BS Baumanagement e.U.\",\"description\":\"\",\"publisher\":{\"@id\":\"https:\\\/\\\/www.bsbaumanagement.eu\\\/#organization\"},\"potentialAction\":[{\"@type\":\"SearchAction\",\"target\":{\"@type\":\"EntryPoint\",\"urlTemplate\":\"https:\\\/\\\/www.bsbaumanagement.eu\\\/?s={search_term_string}\"},\"query-input\":{\"@type\":\"PropertyValueSpecification\",\"valueRequired\":true,\"valueName\":\"search_term_string\"}}],\"inLanguage\":\"en-GB\"},{\"@type\":\"Organization\",\"@id\":\"https:\\\/\\\/www.bsbaumanagement.eu\\\/#organization\",\"name\":\"BS Baumanagement e.U.\",\"url\":\"https:\\\/\\\/www.bsbaumanagement.eu\\\/\",\"logo\":{\"@type\":\"ImageObject\",\"inLanguage\":\"en-GB\",\"@id\":\"https:\\\/\\\/www.bsbaumanagement.eu\\\/#\\\/schema\\\/logo\\\/image\\\/\",\"url\":\"https:\\\/\\\/www.bsbaumanagement.eu\\\/wp-content\\\/uploads\\\/2025\\\/12\\\/Design-ohne-Titel-7-1-e1777460475619.png\",\"contentUrl\":\"https:\\\/\\\/www.bsbaumanagement.eu\\\/wp-content\\\/uploads\\\/2025\\\/12\\\/Design-ohne-Titel-7-1-e1777460475619.png\",\"width\":922,\"height\":503,\"caption\":\"BS Baumanagement e.U.\"},\"image\":{\"@id\":\"https:\\\/\\\/www.bsbaumanagement.eu\\\/#\\\/schema\\\/logo\\\/image\\\/\"}}]}<\/script>\n<!-- \/ Yoast SEO plugin. -->","yoast_head_json":{"title":"WDVS | BS Baumanagement e.U.","description":"WDVS f\u00fcr bessere W\u00e4rmed\u00e4mmung, Fassadenschutz und langfristigen Werterhalt Ihrer Immobilie.","robots":{"index":"index","follow":"follow","max-snippet":"max-snippet:-1","max-image-preview":"max-image-preview:large","max-video-preview":"max-video-preview:-1"},"canonical":"https:\/\/www.bsbaumanagement.eu\/en\/dienstleistungen\/wdvs\/","og_locale":"en_GB","og_type":"article","og_title":"WDVS | BS Baumanagement e.U.","og_description":"WDVS f\u00fcr bessere W\u00e4rmed\u00e4mmung, Fassadenschutz und langfristigen Werterhalt Ihrer Immobilie.","og_url":"https:\/\/www.bsbaumanagement.eu\/en\/dienstleistungen\/wdvs\/","og_site_name":"BS Baumanagement e.U.","article_modified_time":"2026-05-08T11:02:05+00:00","og_image":[{"width":922,"height":503,"url":"https:\/\/www.bsbaumanagement.eu\/wp-content\/uploads\/2025\/12\/Design-ohne-Titel-7-1-e1777460475619.png","type":"image\/png"}],"twitter_card":"summary_large_image","twitter_misc":{"Estimated reading time":"2 minutes"},"schema":{"@context":"https:\/\/schema.org","@graph":[{"@type":"WebPage","@id":"https:\/\/www.bsbaumanagement.eu\/dienstleistungen\/wdvs\/","url":"https:\/\/www.bsbaumanagement.eu\/dienstleistungen\/wdvs\/","name":"WDVS | BS Baumanagement e.U.","isPartOf":{"@id":"https:\/\/www.bsbaumanagement.eu\/#website"},"datePublished":"2026-04-29T10:41:45+00:00","dateModified":"2026-05-08T11:02:05+00:00","description":"WDVS f\u00fcr bessere W\u00e4rmed\u00e4mmung, Fassadenschutz und langfristigen Werterhalt Ihrer Immobilie.","breadcrumb":{"@id":"https:\/\/www.bsbaumanagement.eu\/dienstleistungen\/wdvs\/#breadcrumb"},"inLanguage":"en-GB","potentialAction":[{"@type":"ReadAction","target":["https:\/\/www.bsbaumanagement.eu\/dienstleistungen\/wdvs\/"]}]},{"@type":"BreadcrumbList","@id":"https:\/\/www.bsbaumanagement.eu\/dienstleistungen\/wdvs\/#breadcrumb","itemListElement":[{"@type":"ListItem","position":1,"name":"Home","item":"https:\/\/www.bsbaumanagement.eu\/"},{"@type":"ListItem","position":2,"name":"Dienstleistungen","item":"https:\/\/www.bsbaumanagement.eu\/dienstleistungen\/"},{"@type":"ListItem","position":3,"name":"WDVS"}]},{"@type":"WebSite","@id":"https:\/\/www.bsbaumanagement.eu\/#website","url":"https:\/\/www.bsbaumanagement.eu\/","name":"BS Baumanagement e.U.","description":"","publisher":{"@id":"https:\/\/www.bsbaumanagement.eu\/#organization"},"potentialAction":[{"@type":"SearchAction","target":{"@type":"EntryPoint","urlTemplate":"https:\/\/www.bsbaumanagement.eu\/?s={search_term_string}"},"query-input":{"@type":"PropertyValueSpecification","valueRequired":true,"valueName":"search_term_string"}}],"inLanguage":"en-GB"},{"@type":"Organization","@id":"https:\/\/www.bsbaumanagement.eu\/#organization","name":"BS Baumanagement e.U.","url":"https:\/\/www.bsbaumanagement.eu\/","logo":{"@type":"ImageObject","inLanguage":"en-GB","@id":"https:\/\/www.bsbaumanagement.eu\/#\/schema\/logo\/image\/","url":"https:\/\/www.bsbaumanagement.eu\/wp-content\/uploads\/2025\/12\/Design-ohne-Titel-7-1-e1777460475619.png","contentUrl":"https:\/\/www.bsbaumanagement.eu\/wp-content\/uploads\/2025\/12\/Design-ohne-Titel-7-1-e1777460475619.png","width":922,"height":503,"caption":"BS Baumanagement e.U."},"image":{"@id":"https:\/\/www.bsbaumanagement.eu\/#\/schema\/logo\/image\/"}}]}},"_links":{"self":[{"href":"https:\/\/www.bsbaumanagement.eu\/en\/wp-json\/wp\/v2\/pages\/530","targetHints":{"allow":["GET"]}}],"collection":[{"href":"https:\/\/www.bsbaumanagement.eu\/en\/wp-json\/wp\/v2\/pages"}],"about":[{"href":"https:\/\/www.bsbaumanagement.eu\/en\/wp-json\/wp\/v2\/types\/page"}],"author":[{"embeddable":true,"href":"https:\/\/www.bsbaumanagement.eu\/en\/wp-json\/wp\/v2\/users\/2"}],"replies":[{"embeddable":true,"href":"https:\/\/www.bsbaumanagement.eu\/en\/wp-json\/wp\/v2\/comments?post=530"}],"version-history":[{"count":8,"href":"https:\/\/www.bsbaumanagement.eu\/en\/wp-json\/wp\/v2\/pages\/530\/revisions"}],"predecessor-version":[{"id":658,"href":"https:\/\/www.bsbaumanagement.eu\/en\/wp-json\/wp\/v2\/pages\/530\/revisions\/658"}],"up":[{"embeddable":true,"href":"https:\/\/www.bsbaumanagement.eu\/en\/wp-json\/wp\/v2\/pages\/521"}],"wp:attachment":[{"href":"https:\/\/www.bsbaumanagement.eu\/en\/wp-json\/wp\/v2\/media?parent=530"}],"curies":[{"name":"wp","href":"https:\/\/api.w.org\/{rel}","templated":true}]}}